{"id":64,"date":"2024-08-20T17:07:36","date_gmt":"2024-08-20T17:07:36","guid":{"rendered":"https:\/\/achetermdma.com\/?page_id=64"},"modified":"2024-08-20T17:07:36","modified_gmt":"2024-08-20T17:07:36","slug":"metatagsfr2","status":"publish","type":"page","link":"https:\/\/achetermdma.com\/index.php\/metatagsfr2\/","title":{"rendered":"metatagsFR2"},"content":{"rendered":"<div class=\"flex-1 overflow-hidden\">\n<div class=\"h-full\">\n<div class=\"react-scroll-to-bottom--css-vqwaj-79elbk h-full\">\n<div class=\"react-scroll-to-bottom--css-vqwaj-1n7m0yu\">\n<div class=\"flex flex-col text-sm md:pb-9\">\n<article class=\"w-full text-token-text-primary focus-visible:outline-2 focus-visible:outline-offset-[-4px]\" dir=\"auto\" tabindex=\"0\" data-testid=\"conversation-turn-33\" data-scroll-anchor=\"true\">\n<div class=\"text-base py-[18px] px-3 md:px-4 m-auto md:px-5\">\n<div class=\"mx-auto flex flex-1 gap-4 text-base md:gap-5 lg:gap-6 md:max-w-3xl\">\n<div class=\"group\/conversation-turn relative flex w-full min-w-0 flex-col agent-turn\">\n<div class=\"flex-col gap-1 md:gap-3\">\n<div class=\"flex max-w-full flex-col flex-grow\">\n<div class=\"min-h-[20px] text-message flex w-full flex-col items-end gap-2 break-words [.text-message+&amp;]:mt-5 overflow-x-auto whitespace-pre-wrap\" dir=\"auto\" data-message-author-role=\"assistant\" data-message-id=\"1c849b01-ef69-4717-9ff6-89d1d5b2df80\">\n<div class=\"flex w-full flex-col gap-1 empty:hidden first:pt-[3px]\">\n<div class=\"result-streaming markdown prose w-full break-words dark:prose-invert dark\">\n<div class=\"dark bg-gray-950 rounded-md border-[0.5px] border-token-border-medium\">\n<div class=\"overflow-y-auto p-4\" dir=\"ltr\"><code class=\"!whitespace-pre hljs language-plaintext\">acheter XTC France, pastilles XTC en France, MDMA France, acheter MDMA en France, 2C-B France, acheter 2C-B France, Energy Control France, acheter Energy Control France, XTC pas cher France, MDMA en ligne France, 2C-B en ligne France, acheter pilules XTC, MDMA qualit\u00e9 France, XTC livraison France, acheter MDMA discret, 2C-B pas cher France, Energy Control pas cher, XTC s\u00e9curit\u00e9 France, MDMA livraison rapide France, 2C-B livraison France, Energy Control en ligne France, XTC pure France, acheter MDMA en ligne s\u00fbr, 2C-B qualit\u00e9 France, Energy Control qualit\u00e9 France, acheter MDMA discret France, XTC prix France, MDMA s\u00e9curis\u00e9 France, 2C-B \u00e0 vendre France, Energy Control fiable, XTC haute qualit\u00e9 France, acheter 2C-B discret, MDMA pas cher France, XTC livraison rapide, Energy Control livraison rapide, acheter XTC en toute s\u00e9curit\u00e9, MDMA \u00e0 vendre France, 2C-B \u00e0 bas prix, Energy Control prix, XTC en ligne France, MDMA en France pas cher, 2C-B en France pas cher, acheter XTC en ligne discret, MDMA en ligne livraison rapide, 2C-B en ligne livraison rapide, Energy Control en France, XTC fiable France, acheter MDMA haute qualit\u00e9, 2C-B pas cher en ligne, Energy Control pas cher France, XTC qualit\u00e9 garantie, MDMA livraison discr\u00e8te, 2C-B \u00e0 vendre en ligne, Energy Control livraison discr\u00e8te, acheter XTC pas cher, MDMA France discret, 2C-B France s\u00e9curit\u00e9, Energy Control qualit\u00e9 garantie, XTC \u00e0 vendre France, acheter MDMA en France, 2C-B en France qualit\u00e9, Energy Control en ligne pas cher, XTC en France livraison rapide, MDMA s\u00e9curit\u00e9 France, 2C-B livraison rapide France, Energy Control pas cher en ligne, acheter XTC s\u00e9curis\u00e9, MDMA prix abordable, 2C-B qualit\u00e9 garantie, Energy Control fiable France, XTC en ligne s\u00e9curis\u00e9, MDMA en France livraison rapide, 2C-B en ligne pas cher, Energy Control qualit\u00e9, acheter XTC pas cher en France, MDMA fiable en France, 2C-B pas cher livraison, Energy Control livraison rapide France, XTC haute puret\u00e9, MDMA discret en ligne, 2C-B \u00e0 bas prix France, Energy Control prix abordable, acheter XTC France discret, MDMA en ligne pas cher, 2C-B en France s\u00e9curit\u00e9, Energy Control qualit\u00e9 en ligne, XTC \u00e0 vendre en ligne, MDMA France en ligne, 2C-B pas cher France livraison, Energy Control s\u00e9curis\u00e9 France, acheter XTC qualit\u00e9 en France, MDMA en France qualit\u00e9, 2C-B livraison discr\u00e8te, Energy Control fiable et rapide, XTC en France s\u00e9curit\u00e9, MDMA prix France pas cher, 2C-B haute qualit\u00e9, Energy Control pas cher en ligne France, acheter XTC avec confiance, MDMA \u00e0 vendre pas cher France, 2C-B qualit\u00e9 France livraison, Energy Control en ligne livraison rapide, XTC livraison discr\u00e8te, MDMA en ligne fiable, 2C-B France pas cher, Energy Control prix en ligne, acheter XTC rapide, MDMA pas cher livraison France, 2C-B pas cher en ligne, Energy Control qualit\u00e9 pas cher, XTC France prix abordable, MDMA en France livraison discr\u00e8te, 2C-B livraison rapide et discr\u00e8te, Energy Control fiable pas cher, acheter XTC haute qualit\u00e9 en F<br \/>\n<\/code><\/div>\n<\/div>\n<\/div>\n<\/div>\n<\/div>\n<\/div>\n<\/div>\n<div class=\"absolute\">\n<div class=\"flex items-center justify-center\"><\/div>\n<\/div>\n<\/div>\n<\/div>\n<\/div>\n<\/article>\n<\/div>\n<\/div>\n<\/div>\n<\/div>\n<\/div>\n<div class=\"md:pt-0 dark:border-white\/20 md:border-transparent md:dark:border-transparent w-full\">\n<div class=\"text-base px-3 md:px-4 m-auto md:px-5\">\n<div class=\"mx-auto flex flex-1 gap-4 text-base md:gap-5 lg:gap-6 md:max-w-3xl\">\n<form class=\"w-full\" aria-haspopup=\"dialog\" aria-expanded=\"false\" aria-controls=\"radix-:r4:\" data-state=\"closed\">\n<div class=\"relative flex h-full max-w-full flex-1 flex-col\">\n<div class=\"absolute bottom-full left-0 right-0 z-20\"><\/div>\n<div class=\"flex w-full items-center\">\n<div class=\"flex w-full flex-col gap-1.5 rounded-[26px] p-1.5 transition-colors bg-[#f4f4f4] dark:bg-token-main-surface-secondary\">\n<div class=\"flex items-end gap-1.5 md:gap-2\">\n<div class=\"flex min-w-0 flex-1 flex-col pl-4\"><\/div>\n<\/div>\n<\/div>\n<\/div>\n<\/div>\n<\/form>\n<\/div>\n<\/div>\n<\/div>\n<div class='smartthreema_box'><img src='https:\/\/achetermdma.com\/wp-content\/plugins\/smart-threema\/images\/floating-button-threema-klein.png' class='smartthreema_img'><a href='https:\/\/three.ma\/CJBZ5SZX' target='_blank' class='smartthreema_link'>Please Download Threema App<\/a><br><div class='smartthreema_minimsg'>to your Mobile Device and click again<\/div><\/div>","protected":false},"excerpt":{"rendered":"<p>acheter XTC France, pastilles XTC en France, MDMA France, acheter MDMA en France, 2C-B France, acheter 2C-B France, Energy Control France, acheter Energy Control France, XTC pas cher France, MDMA en ligne France, 2C-B en ligne France, acheter pilules XTC, <a class=\"more-link\" href=\"https:\/\/achetermdma.com\/index.php\/metatagsfr2\/\">Continuer la lecture <span class=\"screen-reader-text\">  metatagsFR2<\/span><span class=\"meta-nav\">&rarr;<\/span><\/a><\/p>\n","protected":false},"author":1,"featured_media":0,"parent":0,"menu_order":0,"comment_status":"closed","ping_status":"closed","template":"","meta":{"footnotes":""},"class_list":["post-64","page","type-page","status-publish","hentry"],"yoast_head":"<!-- This site is optimized with the Yoast SEO plugin v27.4 - https:\/\/yoast.com\/product\/yoast-seo-wordpress\/ -->\n<title>metatagsFR2 - Dealers des quais de Paris - Acheter MDMA Paris, Acheter MDMA Lyon, Acheter MDMA France - Online MDMA Shop France - +34617763108 - whatsapp signal telegram - panterarosa1772@gmail.com &ndash; Threema: CJBZ5SZX<\/title>\n<meta name=\"robots\" content=\"index, follow, max-snippet:-1, max-image-preview:large, max-video-preview:-1\" \/>\n<link rel=\"canonical\" href=\"https:\/\/achetermdma.com\/index.php\/metatagsfr2\/\" \/>\n<meta property=\"og:locale\" content=\"fr_FR\" \/>\n<meta property=\"og:type\" content=\"article\" \/>\n<meta property=\"og:title\" content=\"metatagsFR2 - Dealers des quais de Paris - Acheter MDMA Paris, Acheter MDMA Lyon, Acheter MDMA France - Online MDMA Shop France - +34617763108 - whatsapp signal telegram - panterarosa1772@gmail.com &ndash; Threema: CJBZ5SZX\" \/>\n<meta property=\"og:description\" content=\"acheter XTC France, pastilles XTC en France, MDMA France, acheter MDMA en France, 2C-B France, acheter 2C-B France, Energy Control France, acheter Energy Control France, XTC pas cher France, MDMA en ligne France, 2C-B en ligne France, acheter pilules XTC, Continuer la lecture  metatagsFR2&rarr;\" \/>\n<meta property=\"og:url\" content=\"https:\/\/achetermdma.com\/index.php\/metatagsfr2\/\" \/>\n<meta property=\"og:site_name\" content=\"Dealers des quais de Paris - Acheter MDMA Paris, Acheter MDMA Lyon, Acheter MDMA France - Online MDMA Shop France - +34617763108 - whatsapp signal telegram - panterarosa1772@gmail.com &ndash; Threema: CJBZ5SZX\" \/>\n<meta name=\"twitter:card\" content=\"summary_large_image\" \/>\n<script type=\"application\/ld+json\" class=\"yoast-schema-graph\">{\"@context\":\"https:\\\/\\\/schema.org\",\"@graph\":[{\"@type\":\"WebPage\",\"@id\":\"https:\\\/\\\/achetermdma.com\\\/index.php\\\/metatagsfr2\\\/\",\"url\":\"https:\\\/\\\/achetermdma.com\\\/index.php\\\/metatagsfr2\\\/\",\"name\":\"metatagsFR2 - Dealers des quais de Paris - Acheter MDMA Paris, Acheter MDMA Lyon, Acheter MDMA France - Online MDMA Shop France - +34617763108 - whatsapp signal telegram - panterarosa1772@gmail.com &ndash; Threema: CJBZ5SZX\",\"isPartOf\":{\"@id\":\"https:\\\/\\\/achetermdma.com\\\/#website\"},\"datePublished\":\"2024-08-20T17:07:36+00:00\",\"breadcrumb\":{\"@id\":\"https:\\\/\\\/achetermdma.com\\\/index.php\\\/metatagsfr2\\\/#breadcrumb\"},\"inLanguage\":\"fr-FR\",\"potentialAction\":[{\"@type\":\"ReadAction\",\"target\":[\"https:\\\/\\\/achetermdma.com\\\/index.php\\\/metatagsfr2\\\/\"]}]},{\"@type\":\"BreadcrumbList\",\"@id\":\"https:\\\/\\\/achetermdma.com\\\/index.php\\\/metatagsfr2\\\/#breadcrumb\",\"itemListElement\":[{\"@type\":\"ListItem\",\"position\":1,\"name\":\"Accueil\",\"item\":\"https:\\\/\\\/achetermdma.com\\\/\"},{\"@type\":\"ListItem\",\"position\":2,\"name\":\"metatagsFR2\"}]},{\"@type\":\"WebSite\",\"@id\":\"https:\\\/\\\/achetermdma.com\\\/#website\",\"url\":\"https:\\\/\\\/achetermdma.com\\\/\",\"name\":\"Dealers des quais de Paris - Acheter MDMA Paris, Acheter MDMA Lyon, Acheter MDMA France - Online MDMA Shop France - +34617763108 - whatsapp signal telegram - panterarosa1772@gmail.com &ndash; Threema: CJBZ5SZX\",\"description\":\"acheter MDMA Paris, MDMA Paris haute qualit\u00e9, livraison MDMA Paris, acheter MDMA Lyon, MDMA Lyon fiable, livraison MDMA Lyon, acheter MDMA Marseille, MDMA Marseille s\u00e9curis\u00e9, livraison MDMA Marseille, acheter MDMA Toulouse, MDMA Toulouse pur, livraison MDMA Toulouse, acheter MDMA Bordeaux, MDMA Bordeaux qualit\u00e9, livraison MDMA Bordeaux, acheter MDMA Nice, MDMA Nice rapide, livraison MDMA Nice, acheter MDMA Lille, MDMA Lille v\u00e9rifi\u00e9, livraison MDMA Lille, acheter MDMA Strasbourg, MDMA Strasbourg s\u00e9curit\u00e9, livraison MDMA Strasbourg, acheter MDMA Nantes, MDMA Nantes haut de gamme, livraison MDMA Nantes, acheter MDMA Rennes, MDMA Rennes fiable, livraison MDMA Rennes, acheter MDMA Montpellier, MDMA Montpellier s\u00e9curis\u00e9, livraison MDMA Montpellier, MDMA Au France, Acheter MDMA\",\"publisher\":{\"@id\":\"https:\\\/\\\/achetermdma.com\\\/#organization\"},\"potentialAction\":[{\"@type\":\"SearchAction\",\"target\":{\"@type\":\"EntryPoint\",\"urlTemplate\":\"https:\\\/\\\/achetermdma.com\\\/?s={search_term_string}\"},\"query-input\":{\"@type\":\"PropertyValueSpecification\",\"valueRequired\":true,\"valueName\":\"search_term_string\"}}],\"inLanguage\":\"fr-FR\"},{\"@type\":\"Organization\",\"@id\":\"https:\\\/\\\/achetermdma.com\\\/#organization\",\"name\":\"Dealers des quais de Paris - Acheter MDMA Paris, Acheter MDMA Lyon, Acheter MDMA France - Online MDMA Shop France - +34617763108 - whatsapp signal telegram - panterarosa1772@gmail.com &ndash; Threema: CJBZ5SZX\",\"url\":\"https:\\\/\\\/achetermdma.com\\\/\",\"logo\":{\"@type\":\"ImageObject\",\"inLanguage\":\"fr-FR\",\"@id\":\"https:\\\/\\\/achetermdma.com\\\/#\\\/schema\\\/logo\\\/image\\\/\",\"url\":\"https:\\\/\\\/achetermdma.com\\\/wp-content\\\/uploads\\\/2023\\\/09\\\/cropped-mdmamonterrey.jpg\",\"contentUrl\":\"https:\\\/\\\/achetermdma.com\\\/wp-content\\\/uploads\\\/2023\\\/09\\\/cropped-mdmamonterrey.jpg\",\"width\":1200,\"height\":500,\"caption\":\"Dealers des quais de Paris - Acheter MDMA Paris, Acheter MDMA Lyon, Acheter MDMA France - Online MDMA Shop France - +34617763108 - whatsapp signal telegram - panterarosa1772@gmail.com &ndash; Threema: CJBZ5SZX\"},\"image\":{\"@id\":\"https:\\\/\\\/achetermdma.com\\\/#\\\/schema\\\/logo\\\/image\\\/\"}}]}<\/script>\n<!-- \/ Yoast SEO plugin. -->","yoast_head_json":{"title":"metatagsFR2 - Dealers des quais de Paris - Acheter MDMA Paris, Acheter MDMA Lyon, Acheter MDMA France - Online MDMA Shop France - +34617763108 - whatsapp signal telegram - panterarosa1772@gmail.com &ndash; Threema: CJBZ5SZX","robots":{"index":"index","follow":"follow","max-snippet":"max-snippet:-1","max-image-preview":"max-image-preview:large","max-video-preview":"max-video-preview:-1"},"canonical":"https:\/\/achetermdma.com\/index.php\/metatagsfr2\/","og_locale":"fr_FR","og_type":"article","og_title":"metatagsFR2 - Dealers des quais de Paris - Acheter MDMA Paris, Acheter MDMA Lyon, Acheter MDMA France - Online MDMA Shop France - +34617763108 - whatsapp signal telegram - panterarosa1772@gmail.com &ndash; Threema: CJBZ5SZX","og_description":"acheter XTC France, pastilles XTC en France, MDMA France, acheter MDMA en France, 2C-B France, acheter 2C-B France, Energy Control France, acheter Energy Control France, XTC pas cher France, MDMA en ligne France, 2C-B en ligne France, acheter pilules XTC, Continuer la lecture  metatagsFR2&rarr;","og_url":"https:\/\/achetermdma.com\/index.php\/metatagsfr2\/","og_site_name":"Dealers des quais de Paris - Acheter MDMA Paris, Acheter MDMA Lyon, Acheter MDMA France - Online MDMA Shop France - +34617763108 - whatsapp signal telegram - panterarosa1772@gmail.com &ndash; Threema: CJBZ5SZX","twitter_card":"summary_large_image","schema":{"@context":"https:\/\/schema.org","@graph":[{"@type":"WebPage","@id":"https:\/\/achetermdma.com\/index.php\/metatagsfr2\/","url":"https:\/\/achetermdma.com\/index.php\/metatagsfr2\/","name":"metatagsFR2 - Dealers des quais de Paris - Acheter MDMA Paris, Acheter MDMA Lyon, Acheter MDMA France - Online MDMA Shop France - +34617763108 - whatsapp signal telegram - panterarosa1772@gmail.com &ndash; Threema: CJBZ5SZX","isPartOf":{"@id":"https:\/\/achetermdma.com\/#website"},"datePublished":"2024-08-20T17:07:36+00:00","breadcrumb":{"@id":"https:\/\/achetermdma.com\/index.php\/metatagsfr2\/#breadcrumb"},"inLanguage":"fr-FR","potentialAction":[{"@type":"ReadAction","target":["https:\/\/achetermdma.com\/index.php\/metatagsfr2\/"]}]},{"@type":"BreadcrumbList","@id":"https:\/\/achetermdma.com\/index.php\/metatagsfr2\/#breadcrumb","itemListElement":[{"@type":"ListItem","position":1,"name":"Accueil","item":"https:\/\/achetermdma.com\/"},{"@type":"ListItem","position":2,"name":"metatagsFR2"}]},{"@type":"WebSite","@id":"https:\/\/achetermdma.com\/#website","url":"https:\/\/achetermdma.com\/","name":"Dealers des quais de Paris - Acheter MDMA Paris, Acheter MDMA Lyon, Acheter MDMA France - Online MDMA Shop France - +34617763108 - whatsapp signal telegram - panterarosa1772@gmail.com &ndash; Threema: CJBZ5SZX","description":"acheter MDMA Paris, MDMA Paris haute qualit\u00e9, livraison MDMA Paris, acheter MDMA Lyon, MDMA Lyon fiable, livraison MDMA Lyon, acheter MDMA Marseille, MDMA Marseille s\u00e9curis\u00e9, livraison MDMA Marseille, acheter MDMA Toulouse, MDMA Toulouse pur, livraison MDMA Toulouse, acheter MDMA Bordeaux, MDMA Bordeaux qualit\u00e9, livraison MDMA Bordeaux, acheter MDMA Nice, MDMA Nice rapide, livraison MDMA Nice, acheter MDMA Lille, MDMA Lille v\u00e9rifi\u00e9, livraison MDMA Lille, acheter MDMA Strasbourg, MDMA Strasbourg s\u00e9curit\u00e9, livraison MDMA Strasbourg, acheter MDMA Nantes, MDMA Nantes haut de gamme, livraison MDMA Nantes, acheter MDMA Rennes, MDMA Rennes fiable, livraison MDMA Rennes, acheter MDMA Montpellier, MDMA Montpellier s\u00e9curis\u00e9, livraison MDMA Montpellier, MDMA Au France, Acheter MDMA","publisher":{"@id":"https:\/\/achetermdma.com\/#organization"},"potentialAction":[{"@type":"SearchAction","target":{"@type":"EntryPoint","urlTemplate":"https:\/\/achetermdma.com\/?s={search_term_string}"},"query-input":{"@type":"PropertyValueSpecification","valueRequired":true,"valueName":"search_term_string"}}],"inLanguage":"fr-FR"},{"@type":"Organization","@id":"https:\/\/achetermdma.com\/#organization","name":"Dealers des quais de Paris - Acheter MDMA Paris, Acheter MDMA Lyon, Acheter MDMA France - Online MDMA Shop France - +34617763108 - whatsapp signal telegram - panterarosa1772@gmail.com &ndash; Threema: CJBZ5SZX","url":"https:\/\/achetermdma.com\/","logo":{"@type":"ImageObject","inLanguage":"fr-FR","@id":"https:\/\/achetermdma.com\/#\/schema\/logo\/image\/","url":"https:\/\/achetermdma.com\/wp-content\/uploads\/2023\/09\/cropped-mdmamonterrey.jpg","contentUrl":"https:\/\/achetermdma.com\/wp-content\/uploads\/2023\/09\/cropped-mdmamonterrey.jpg","width":1200,"height":500,"caption":"Dealers des quais de Paris - Acheter MDMA Paris, Acheter MDMA Lyon, Acheter MDMA France - Online MDMA Shop France - +34617763108 - whatsapp signal telegram - panterarosa1772@gmail.com &ndash; Threema: CJBZ5SZX"},"image":{"@id":"https:\/\/achetermdma.com\/#\/schema\/logo\/image\/"}}]}},"_links":{"self":[{"href":"https:\/\/achetermdma.com\/index.php\/wp-json\/wp\/v2\/pages\/64","targetHints":{"allow":["GET"]}}],"collection":[{"href":"https:\/\/achetermdma.com\/index.php\/wp-json\/wp\/v2\/pages"}],"about":[{"href":"https:\/\/achetermdma.com\/index.php\/wp-json\/wp\/v2\/types\/page"}],"author":[{"embeddable":true,"href":"https:\/\/achetermdma.com\/index.php\/wp-json\/wp\/v2\/users\/1"}],"replies":[{"embeddable":true,"href":"https:\/\/achetermdma.com\/index.php\/wp-json\/wp\/v2\/comments?post=64"}],"version-history":[{"count":0,"href":"https:\/\/achetermdma.com\/index.php\/wp-json\/wp\/v2\/pages\/64\/revisions"}],"wp:attachment":[{"href":"https:\/\/achetermdma.com\/index.php\/wp-json\/wp\/v2\/media?parent=64"}],"curies":[{"name":"wp","href":"https:\/\/api.w.org\/{rel}","templated":true}]}}