{"id":23,"date":"2023-09-05T19:52:26","date_gmt":"2023-09-05T19:52:26","guid":{"rendered":"https:\/\/achetermdma.com\/?page_id=23"},"modified":"2025-08-25T01:57:51","modified_gmt":"2025-08-25T01:57:51","slug":"qui-sommes-nous","status":"publish","type":"page","link":"https:\/\/achetermdma.com\/index.php\/qui-sommes-nous\/","title":{"rendered":"Qui sommes nous"},"content":{"rendered":"<p>Achetermdma.com est une boutique mdma en ligne de Belgique, nous offrons la meilleure qualit\u00e9 \u00e0 des prix comp\u00e9titifs et des paiements via cryptomonnaies, bitcoin ou monero, nos prix et nos exp\u00e9ditions sont s\u00e9curis\u00e9s, et nous exp\u00e9dions uniquement vers la France, et les pays europ\u00e9ens, par Merci de faire cela ne nous d\u00e9range pas de demander si nous exp\u00e9dions vers d\u2019autres continents.<\/p>\n<p>Et non, nous n&rsquo;envoyons pas de contre-remboursement, et non, nous n&rsquo;arnaquons personne non plus.<\/p>\n<div class='smartthreema_box'><img src='https:\/\/achetermdma.com\/wp-content\/plugins\/smart-threema\/images\/floating-button-threema-klein.png' class='smartthreema_img'><a href='https:\/\/three.ma\/CJBZ5SZX' target='_blank' class='smartthreema_link'>Please Download Threema App<\/a><br><div class='smartthreema_minimsg'>to your Mobile Device and click again<\/div><\/div>","protected":false},"excerpt":{"rendered":"<p>Achetermdma.com est une boutique mdma en ligne de Belgique, nous offrons la meilleure qualit\u00e9 \u00e0 des prix comp\u00e9titifs et des paiements via cryptomonnaies, bitcoin ou monero, nos prix et nos exp\u00e9ditions sont s\u00e9curis\u00e9s, et nous exp\u00e9dions uniquement vers la France, <a class=\"more-link\" href=\"https:\/\/achetermdma.com\/index.php\/qui-sommes-nous\/\">Continuer la lecture <span class=\"screen-reader-text\">  Qui sommes nous<\/span><span class=\"meta-nav\">&rarr;<\/span><\/a><\/p>\n","protected":false},"author":1,"featured_media":0,"parent":0,"menu_order":0,"comment_status":"closed","ping_status":"closed","template":"","meta":{"footnotes":""},"class_list":["post-23","page","type-page","status-publish","hentry"],"yoast_head":"<!-- This site is optimized with the Yoast SEO plugin v27.4 - https:\/\/yoast.com\/product\/yoast-seo-wordpress\/ -->\n<title>Qui sommes nous - Dealers des quais de Paris - Acheter MDMA Paris, Acheter MDMA Lyon, Acheter MDMA France - Online MDMA Shop France - +34617763108 - whatsapp signal telegram - panterarosa1772@gmail.com &ndash; Threema: CJBZ5SZX<\/title>\n<meta name=\"description\" content=\"Acheter MDMA Paris\" \/>\n<meta name=\"robots\" content=\"index, follow, max-snippet:-1, max-image-preview:large, max-video-preview:-1\" \/>\n<link rel=\"canonical\" href=\"https:\/\/achetermdma.com\/index.php\/qui-sommes-nous\/\" \/>\n<meta property=\"og:locale\" content=\"fr_FR\" \/>\n<meta property=\"og:type\" content=\"article\" \/>\n<meta property=\"og:title\" content=\"Qui sommes nous - Dealers des quais de Paris - Acheter MDMA Paris, Acheter MDMA Lyon, Acheter MDMA France - Online MDMA Shop France - +34617763108 - whatsapp signal telegram - panterarosa1772@gmail.com &ndash; Threema: CJBZ5SZX\" \/>\n<meta property=\"og:description\" content=\"Acheter MDMA Paris\" \/>\n<meta property=\"og:url\" content=\"https:\/\/achetermdma.com\/index.php\/qui-sommes-nous\/\" \/>\n<meta property=\"og:site_name\" content=\"Dealers des quais de Paris - Acheter MDMA Paris, Acheter MDMA Lyon, Acheter MDMA France - Online MDMA Shop France - +34617763108 - whatsapp signal telegram - panterarosa1772@gmail.com &ndash; Threema: CJBZ5SZX\" \/>\n<meta property=\"article:modified_time\" content=\"2025-08-25T01:57:51+00:00\" \/>\n<meta name=\"twitter:card\" content=\"summary_large_image\" \/>\n<meta name=\"twitter:label1\" content=\"Dur\u00e9e de lecture estim\u00e9e\" \/>\n\t<meta name=\"twitter:data1\" content=\"1 minute\" \/>\n<script type=\"application\/ld+json\" class=\"yoast-schema-graph\">{\"@context\":\"https:\\\/\\\/schema.org\",\"@graph\":[{\"@type\":\"WebPage\",\"@id\":\"https:\\\/\\\/achetermdma.com\\\/index.php\\\/qui-sommes-nous\\\/\",\"url\":\"https:\\\/\\\/achetermdma.com\\\/index.php\\\/qui-sommes-nous\\\/\",\"name\":\"Qui sommes nous - Dealers des quais de Paris - Acheter MDMA Paris, Acheter MDMA Lyon, Acheter MDMA France - Online MDMA Shop France - +34617763108 - whatsapp signal telegram - panterarosa1772@gmail.com &ndash; Threema: CJBZ5SZX\",\"isPartOf\":{\"@id\":\"https:\\\/\\\/achetermdma.com\\\/#website\"},\"datePublished\":\"2023-09-05T19:52:26+00:00\",\"dateModified\":\"2025-08-25T01:57:51+00:00\",\"description\":\"Acheter MDMA Paris\",\"breadcrumb\":{\"@id\":\"https:\\\/\\\/achetermdma.com\\\/index.php\\\/qui-sommes-nous\\\/#breadcrumb\"},\"inLanguage\":\"fr-FR\",\"potentialAction\":[{\"@type\":\"ReadAction\",\"target\":[\"https:\\\/\\\/achetermdma.com\\\/index.php\\\/qui-sommes-nous\\\/\"]}]},{\"@type\":\"BreadcrumbList\",\"@id\":\"https:\\\/\\\/achetermdma.com\\\/index.php\\\/qui-sommes-nous\\\/#breadcrumb\",\"itemListElement\":[{\"@type\":\"ListItem\",\"position\":1,\"name\":\"Accueil\",\"item\":\"https:\\\/\\\/achetermdma.com\\\/\"},{\"@type\":\"ListItem\",\"position\":2,\"name\":\"Qui sommes nous\"}]},{\"@type\":\"WebSite\",\"@id\":\"https:\\\/\\\/achetermdma.com\\\/#website\",\"url\":\"https:\\\/\\\/achetermdma.com\\\/\",\"name\":\"Dealers des quais de Paris - Acheter MDMA Paris, Acheter MDMA Lyon, Acheter MDMA France - Online MDMA Shop France - +34617763108 - whatsapp signal telegram - panterarosa1772@gmail.com &ndash; Threema: CJBZ5SZX\",\"description\":\"acheter MDMA Paris, MDMA Paris haute qualit\u00e9, livraison MDMA Paris, acheter MDMA Lyon, MDMA Lyon fiable, livraison MDMA Lyon, acheter MDMA Marseille, MDMA Marseille s\u00e9curis\u00e9, livraison MDMA Marseille, acheter MDMA Toulouse, MDMA Toulouse pur, livraison MDMA Toulouse, acheter MDMA Bordeaux, MDMA Bordeaux qualit\u00e9, livraison MDMA Bordeaux, acheter MDMA Nice, MDMA Nice rapide, livraison MDMA Nice, acheter MDMA Lille, MDMA Lille v\u00e9rifi\u00e9, livraison MDMA Lille, acheter MDMA Strasbourg, MDMA Strasbourg s\u00e9curit\u00e9, livraison MDMA Strasbourg, acheter MDMA Nantes, MDMA Nantes haut de gamme, livraison MDMA Nantes, acheter MDMA Rennes, MDMA Rennes fiable, livraison MDMA Rennes, acheter MDMA Montpellier, MDMA Montpellier s\u00e9curis\u00e9, livraison MDMA Montpellier, MDMA Au France, Acheter MDMA\",\"publisher\":{\"@id\":\"https:\\\/\\\/achetermdma.com\\\/#organization\"},\"potentialAction\":[{\"@type\":\"SearchAction\",\"target\":{\"@type\":\"EntryPoint\",\"urlTemplate\":\"https:\\\/\\\/achetermdma.com\\\/?s={search_term_string}\"},\"query-input\":{\"@type\":\"PropertyValueSpecification\",\"valueRequired\":true,\"valueName\":\"search_term_string\"}}],\"inLanguage\":\"fr-FR\"},{\"@type\":\"Organization\",\"@id\":\"https:\\\/\\\/achetermdma.com\\\/#organization\",\"name\":\"Dealers des quais de Paris - Acheter MDMA Paris, Acheter MDMA Lyon, Acheter MDMA France - Online MDMA Shop France - +34617763108 - whatsapp signal telegram - panterarosa1772@gmail.com &ndash; Threema: CJBZ5SZX\",\"url\":\"https:\\\/\\\/achetermdma.com\\\/\",\"logo\":{\"@type\":\"ImageObject\",\"inLanguage\":\"fr-FR\",\"@id\":\"https:\\\/\\\/achetermdma.com\\\/#\\\/schema\\\/logo\\\/image\\\/\",\"url\":\"https:\\\/\\\/achetermdma.com\\\/wp-content\\\/uploads\\\/2023\\\/09\\\/cropped-mdmamonterrey.jpg\",\"contentUrl\":\"https:\\\/\\\/achetermdma.com\\\/wp-content\\\/uploads\\\/2023\\\/09\\\/cropped-mdmamonterrey.jpg\",\"width\":1200,\"height\":500,\"caption\":\"Dealers des quais de Paris - Acheter MDMA Paris, Acheter MDMA Lyon, Acheter MDMA France - Online MDMA Shop France - +34617763108 - whatsapp signal telegram - panterarosa1772@gmail.com &ndash; Threema: CJBZ5SZX\"},\"image\":{\"@id\":\"https:\\\/\\\/achetermdma.com\\\/#\\\/schema\\\/logo\\\/image\\\/\"}}]}<\/script>\n<!-- \/ Yoast SEO plugin. -->","yoast_head_json":{"title":"Qui sommes nous - Dealers des quais de Paris - Acheter MDMA Paris, Acheter MDMA Lyon, Acheter MDMA France - Online MDMA Shop France - +34617763108 - whatsapp signal telegram - panterarosa1772@gmail.com &ndash; Threema: CJBZ5SZX","description":"Acheter MDMA Paris","robots":{"index":"index","follow":"follow","max-snippet":"max-snippet:-1","max-image-preview":"max-image-preview:large","max-video-preview":"max-video-preview:-1"},"canonical":"https:\/\/achetermdma.com\/index.php\/qui-sommes-nous\/","og_locale":"fr_FR","og_type":"article","og_title":"Qui sommes nous - Dealers des quais de Paris - Acheter MDMA Paris, Acheter MDMA Lyon, Acheter MDMA France - Online MDMA Shop France - +34617763108 - whatsapp signal telegram - panterarosa1772@gmail.com &ndash; Threema: CJBZ5SZX","og_description":"Acheter MDMA Paris","og_url":"https:\/\/achetermdma.com\/index.php\/qui-sommes-nous\/","og_site_name":"Dealers des quais de Paris - Acheter MDMA Paris, Acheter MDMA Lyon, Acheter MDMA France - Online MDMA Shop France - +34617763108 - whatsapp signal telegram - panterarosa1772@gmail.com &ndash; Threema: CJBZ5SZX","article_modified_time":"2025-08-25T01:57:51+00:00","twitter_card":"summary_large_image","twitter_misc":{"Dur\u00e9e de lecture estim\u00e9e":"1 minute"},"schema":{"@context":"https:\/\/schema.org","@graph":[{"@type":"WebPage","@id":"https:\/\/achetermdma.com\/index.php\/qui-sommes-nous\/","url":"https:\/\/achetermdma.com\/index.php\/qui-sommes-nous\/","name":"Qui sommes nous - Dealers des quais de Paris - Acheter MDMA Paris, Acheter MDMA Lyon, Acheter MDMA France - Online MDMA Shop France - +34617763108 - whatsapp signal telegram - panterarosa1772@gmail.com &ndash; Threema: CJBZ5SZX","isPartOf":{"@id":"https:\/\/achetermdma.com\/#website"},"datePublished":"2023-09-05T19:52:26+00:00","dateModified":"2025-08-25T01:57:51+00:00","description":"Acheter MDMA Paris","breadcrumb":{"@id":"https:\/\/achetermdma.com\/index.php\/qui-sommes-nous\/#breadcrumb"},"inLanguage":"fr-FR","potentialAction":[{"@type":"ReadAction","target":["https:\/\/achetermdma.com\/index.php\/qui-sommes-nous\/"]}]},{"@type":"BreadcrumbList","@id":"https:\/\/achetermdma.com\/index.php\/qui-sommes-nous\/#breadcrumb","itemListElement":[{"@type":"ListItem","position":1,"name":"Accueil","item":"https:\/\/achetermdma.com\/"},{"@type":"ListItem","position":2,"name":"Qui sommes nous"}]},{"@type":"WebSite","@id":"https:\/\/achetermdma.com\/#website","url":"https:\/\/achetermdma.com\/","name":"Dealers des quais de Paris - Acheter MDMA Paris, Acheter MDMA Lyon, Acheter MDMA France - Online MDMA Shop France - +34617763108 - whatsapp signal telegram - panterarosa1772@gmail.com &ndash; Threema: CJBZ5SZX","description":"acheter MDMA Paris, MDMA Paris haute qualit\u00e9, livraison MDMA Paris, acheter MDMA Lyon, MDMA Lyon fiable, livraison MDMA Lyon, acheter MDMA Marseille, MDMA Marseille s\u00e9curis\u00e9, livraison MDMA Marseille, acheter MDMA Toulouse, MDMA Toulouse pur, livraison MDMA Toulouse, acheter MDMA Bordeaux, MDMA Bordeaux qualit\u00e9, livraison MDMA Bordeaux, acheter MDMA Nice, MDMA Nice rapide, livraison MDMA Nice, acheter MDMA Lille, MDMA Lille v\u00e9rifi\u00e9, livraison MDMA Lille, acheter MDMA Strasbourg, MDMA Strasbourg s\u00e9curit\u00e9, livraison MDMA Strasbourg, acheter MDMA Nantes, MDMA Nantes haut de gamme, livraison MDMA Nantes, acheter MDMA Rennes, MDMA Rennes fiable, livraison MDMA Rennes, acheter MDMA Montpellier, MDMA Montpellier s\u00e9curis\u00e9, livraison MDMA Montpellier, MDMA Au France, Acheter MDMA","publisher":{"@id":"https:\/\/achetermdma.com\/#organization"},"potentialAction":[{"@type":"SearchAction","target":{"@type":"EntryPoint","urlTemplate":"https:\/\/achetermdma.com\/?s={search_term_string}"},"query-input":{"@type":"PropertyValueSpecification","valueRequired":true,"valueName":"search_term_string"}}],"inLanguage":"fr-FR"},{"@type":"Organization","@id":"https:\/\/achetermdma.com\/#organization","name":"Dealers des quais de Paris - Acheter MDMA Paris, Acheter MDMA Lyon, Acheter MDMA France - Online MDMA Shop France - +34617763108 - whatsapp signal telegram - panterarosa1772@gmail.com &ndash; Threema: CJBZ5SZX","url":"https:\/\/achetermdma.com\/","logo":{"@type":"ImageObject","inLanguage":"fr-FR","@id":"https:\/\/achetermdma.com\/#\/schema\/logo\/image\/","url":"https:\/\/achetermdma.com\/wp-content\/uploads\/2023\/09\/cropped-mdmamonterrey.jpg","contentUrl":"https:\/\/achetermdma.com\/wp-content\/uploads\/2023\/09\/cropped-mdmamonterrey.jpg","width":1200,"height":500,"caption":"Dealers des quais de Paris - Acheter MDMA Paris, Acheter MDMA Lyon, Acheter MDMA France - Online MDMA Shop France - +34617763108 - whatsapp signal telegram - panterarosa1772@gmail.com &ndash; Threema: CJBZ5SZX"},"image":{"@id":"https:\/\/achetermdma.com\/#\/schema\/logo\/image\/"}}]}},"_links":{"self":[{"href":"https:\/\/achetermdma.com\/index.php\/wp-json\/wp\/v2\/pages\/23","targetHints":{"allow":["GET"]}}],"collection":[{"href":"https:\/\/achetermdma.com\/index.php\/wp-json\/wp\/v2\/pages"}],"about":[{"href":"https:\/\/achetermdma.com\/index.php\/wp-json\/wp\/v2\/types\/page"}],"author":[{"embeddable":true,"href":"https:\/\/achetermdma.com\/index.php\/wp-json\/wp\/v2\/users\/1"}],"replies":[{"embeddable":true,"href":"https:\/\/achetermdma.com\/index.php\/wp-json\/wp\/v2\/comments?post=23"}],"version-history":[{"count":0,"href":"https:\/\/achetermdma.com\/index.php\/wp-json\/wp\/v2\/pages\/23\/revisions"}],"wp:attachment":[{"href":"https:\/\/achetermdma.com\/index.php\/wp-json\/wp\/v2\/media?parent=23"}],"curies":[{"name":"wp","href":"https:\/\/api.w.org\/{rel}","templated":true}]}}