{"id":21,"date":"2023-09-05T19:26:28","date_gmt":"2023-09-05T19:26:28","guid":{"rendered":"https:\/\/achetermdma.com\/?page_id=21"},"modified":"2023-09-05T19:26:28","modified_gmt":"2023-09-05T19:26:28","slug":"mdma-champagne-paris-lyon-marseille","status":"publish","type":"page","link":"https:\/\/achetermdma.com\/index.php\/mdma-champagne-paris-lyon-marseille\/","title":{"rendered":"metatags2"},"content":{"rendered":"<p>mdma champagne<br \/>\nmdma champagne avis<br \/>\nmdma champagne prix<br \/>\nliquid mdma champagne<br \/>\nmdma champagne effet<br \/>\nwat is mdma champagne<br \/>\nmdma champagne kleur<br \/>\nmdma champagne flashback<br \/>\nmdma champagne hyperreal<br \/>\nmdma champagne crystals \u0447\u0442\u043e \u044d\u0442\u043e<br \/>\nmdma and champagne<br \/>\nmolly and champagne<br \/>\nmdma de champagne<br \/>\nmd champagne drogue<br \/>\nmd champagne<br \/>\nchampagne m a<br \/>\nchampagne.malard<br \/>\na\u00ff-champagne<br \/>\nchampagne mdd<br \/>\nblack champagne mdma<br \/>\nchampagne cristal mdma<br \/>\ncola vs champagne mdma<br \/>\nchampagne e p c<br \/>\n\u00e9xtasis<br \/>\nmolly in champagne<br \/>\nmdma in champagne moet<br \/>\nmdma in champagne<br \/>\nchampagne drogue<br \/>\nm d m a drogue<br \/>\nchampagne met mdma<br \/>\nmoet champagne mdma<br \/>\nmolly champagne northbrook<br \/>\nnd champagne<br \/>\nnm champagne signification<br \/>\nmdma champagne prijs<br \/>\nmdma champagne reddit<br \/>\nmolly ringwald champagne<br \/>\numd champagne ardenne<br \/>\numc champagne<br \/>\nwhite champagne mdma<br \/>\nxma et md<br \/>\nmolly yeh champagne cakes<br \/>\nchampagne y<br \/>\nyanns tagada champagne<br \/>\n0 dosage champagne<br \/>\nchampagne 0 alcool<br \/>\n1 gramme de md<br \/>\nchampagne 2l<br \/>\nchampagne 2 litres<br \/>\n3 md drogue<br \/>\n3 mmc chemsex<br \/>\n3 et g drogue<br \/>\nchampagne 4 litres<br \/>\nchampagne 5l<br \/>\n5 mmc<br \/>\nchampagne 50\u20ac<br \/>\nchampagne 6l<br \/>\nmolly champagne<br \/>\n7 marques de champagne<br \/>\nchampagne 8 litres<br \/>\n8 bouteilles de champagne<br \/>\nchampagne \u00e0 8 euros<br \/>\nchampagne 9 litres<br \/>\nchampagne 9l<\/p>\n<div class='smartthreema_box'><img src='https:\/\/achetermdma.com\/wp-content\/plugins\/smart-threema\/images\/floating-button-threema-klein.png' class='smartthreema_img'><a href='https:\/\/three.ma\/CJBZ5SZX' target='_blank' class='smartthreema_link'>Please Download Threema App<\/a><br><div class='smartthreema_minimsg'>to your Mobile Device and click again<\/div><\/div>","protected":false},"excerpt":{"rendered":"<p>mdma champagne mdma champagne avis mdma champagne prix liquid mdma champagne mdma champagne effet wat is mdma champagne mdma champagne kleur mdma champagne flashback mdma champagne hyperreal mdma champagne crystals \u0447\u0442\u043e \u044d\u0442\u043e mdma and champagne molly and champagne mdma de <a class=\"more-link\" href=\"https:\/\/achetermdma.com\/index.php\/mdma-champagne-paris-lyon-marseille\/\">Continuer la lecture <span class=\"screen-reader-text\">  metatags2<\/span><span class=\"meta-nav\">&rarr;<\/span><\/a><\/p>\n","protected":false},"author":1,"featured_media":0,"parent":0,"menu_order":0,"comment_status":"closed","ping_status":"closed","template":"","meta":{"footnotes":""},"class_list":["post-21","page","type-page","status-publish","hentry"],"yoast_head":"<!-- This site is optimized with the Yoast SEO plugin v27.4 - https:\/\/yoast.com\/product\/yoast-seo-wordpress\/ -->\n<title>metatags2 - Dealers des quais de Paris - Acheter MDMA Paris, Acheter MDMA Lyon, Acheter MDMA France - Online MDMA Shop France - +34617763108 - whatsapp signal telegram - panterarosa1772@gmail.com &ndash; Threema: CJBZ5SZX<\/title>\n<meta name=\"description\" content=\"Le meillour shop acheter MDMA a France, Paris MDMA, Marseille MDMA, Toulouse MDMA, MDMa champagne a la france, Francais mdma\" \/>\n<meta name=\"robots\" content=\"index, follow, max-snippet:-1, max-image-preview:large, max-video-preview:-1\" \/>\n<link rel=\"canonical\" href=\"https:\/\/achetermdma.com\/index.php\/mdma-champagne-paris-lyon-marseille\/\" \/>\n<meta property=\"og:locale\" content=\"fr_FR\" \/>\n<meta property=\"og:type\" content=\"article\" \/>\n<meta property=\"og:title\" content=\"metatags2 - Dealers des quais de Paris - Acheter MDMA Paris, Acheter MDMA Lyon, Acheter MDMA France - Online MDMA Shop France - +34617763108 - whatsapp signal telegram - panterarosa1772@gmail.com &ndash; Threema: CJBZ5SZX\" \/>\n<meta property=\"og:description\" content=\"Le meillour shop acheter MDMA a France, Paris MDMA, Marseille MDMA, Toulouse MDMA, MDMa champagne a la france, Francais mdma\" \/>\n<meta property=\"og:url\" content=\"https:\/\/achetermdma.com\/index.php\/mdma-champagne-paris-lyon-marseille\/\" \/>\n<meta property=\"og:site_name\" content=\"Dealers des quais de Paris - Acheter MDMA Paris, Acheter MDMA Lyon, Acheter MDMA France - Online MDMA Shop France - +34617763108 - whatsapp signal telegram - panterarosa1772@gmail.com &ndash; Threema: CJBZ5SZX\" \/>\n<meta name=\"twitter:card\" content=\"summary_large_image\" \/>\n<script type=\"application\/ld+json\" class=\"yoast-schema-graph\">{\"@context\":\"https:\\\/\\\/schema.org\",\"@graph\":[{\"@type\":\"WebPage\",\"@id\":\"https:\\\/\\\/achetermdma.com\\\/index.php\\\/mdma-champagne-paris-lyon-marseille\\\/\",\"url\":\"https:\\\/\\\/achetermdma.com\\\/index.php\\\/mdma-champagne-paris-lyon-marseille\\\/\",\"name\":\"metatags2 - Dealers des quais de Paris - Acheter MDMA Paris, Acheter MDMA Lyon, Acheter MDMA France - Online MDMA Shop France - +34617763108 - whatsapp signal telegram - panterarosa1772@gmail.com &ndash; Threema: CJBZ5SZX\",\"isPartOf\":{\"@id\":\"https:\\\/\\\/achetermdma.com\\\/#website\"},\"datePublished\":\"2023-09-05T19:26:28+00:00\",\"description\":\"Le meillour shop acheter MDMA a France, Paris MDMA, Marseille MDMA, Toulouse MDMA, MDMa champagne a la france, Francais mdma\",\"breadcrumb\":{\"@id\":\"https:\\\/\\\/achetermdma.com\\\/index.php\\\/mdma-champagne-paris-lyon-marseille\\\/#breadcrumb\"},\"inLanguage\":\"fr-FR\",\"potentialAction\":[{\"@type\":\"ReadAction\",\"target\":[\"https:\\\/\\\/achetermdma.com\\\/index.php\\\/mdma-champagne-paris-lyon-marseille\\\/\"]}]},{\"@type\":\"BreadcrumbList\",\"@id\":\"https:\\\/\\\/achetermdma.com\\\/index.php\\\/mdma-champagne-paris-lyon-marseille\\\/#breadcrumb\",\"itemListElement\":[{\"@type\":\"ListItem\",\"position\":1,\"name\":\"Accueil\",\"item\":\"https:\\\/\\\/achetermdma.com\\\/\"},{\"@type\":\"ListItem\",\"position\":2,\"name\":\"metatags2\"}]},{\"@type\":\"WebSite\",\"@id\":\"https:\\\/\\\/achetermdma.com\\\/#website\",\"url\":\"https:\\\/\\\/achetermdma.com\\\/\",\"name\":\"Dealers des quais de Paris - Acheter MDMA Paris, Acheter MDMA Lyon, Acheter MDMA France - Online MDMA Shop France - +34617763108 - whatsapp signal telegram - panterarosa1772@gmail.com &ndash; Threema: CJBZ5SZX\",\"description\":\"acheter MDMA Paris, MDMA Paris haute qualit\u00e9, livraison MDMA Paris, acheter MDMA Lyon, MDMA Lyon fiable, livraison MDMA Lyon, acheter MDMA Marseille, MDMA Marseille s\u00e9curis\u00e9, livraison MDMA Marseille, acheter MDMA Toulouse, MDMA Toulouse pur, livraison MDMA Toulouse, acheter MDMA Bordeaux, MDMA Bordeaux qualit\u00e9, livraison MDMA Bordeaux, acheter MDMA Nice, MDMA Nice rapide, livraison MDMA Nice, acheter MDMA Lille, MDMA Lille v\u00e9rifi\u00e9, livraison MDMA Lille, acheter MDMA Strasbourg, MDMA Strasbourg s\u00e9curit\u00e9, livraison MDMA Strasbourg, acheter MDMA Nantes, MDMA Nantes haut de gamme, livraison MDMA Nantes, acheter MDMA Rennes, MDMA Rennes fiable, livraison MDMA Rennes, acheter MDMA Montpellier, MDMA Montpellier s\u00e9curis\u00e9, livraison MDMA Montpellier, MDMA Au France, Acheter MDMA\",\"publisher\":{\"@id\":\"https:\\\/\\\/achetermdma.com\\\/#organization\"},\"potentialAction\":[{\"@type\":\"SearchAction\",\"target\":{\"@type\":\"EntryPoint\",\"urlTemplate\":\"https:\\\/\\\/achetermdma.com\\\/?s={search_term_string}\"},\"query-input\":{\"@type\":\"PropertyValueSpecification\",\"valueRequired\":true,\"valueName\":\"search_term_string\"}}],\"inLanguage\":\"fr-FR\"},{\"@type\":\"Organization\",\"@id\":\"https:\\\/\\\/achetermdma.com\\\/#organization\",\"name\":\"Dealers des quais de Paris - Acheter MDMA Paris, Acheter MDMA Lyon, Acheter MDMA France - Online MDMA Shop France - +34617763108 - whatsapp signal telegram - panterarosa1772@gmail.com &ndash; Threema: CJBZ5SZX\",\"url\":\"https:\\\/\\\/achetermdma.com\\\/\",\"logo\":{\"@type\":\"ImageObject\",\"inLanguage\":\"fr-FR\",\"@id\":\"https:\\\/\\\/achetermdma.com\\\/#\\\/schema\\\/logo\\\/image\\\/\",\"url\":\"https:\\\/\\\/achetermdma.com\\\/wp-content\\\/uploads\\\/2023\\\/09\\\/cropped-mdmamonterrey.jpg\",\"contentUrl\":\"https:\\\/\\\/achetermdma.com\\\/wp-content\\\/uploads\\\/2023\\\/09\\\/cropped-mdmamonterrey.jpg\",\"width\":1200,\"height\":500,\"caption\":\"Dealers des quais de Paris - Acheter MDMA Paris, Acheter MDMA Lyon, Acheter MDMA France - Online MDMA Shop France - +34617763108 - whatsapp signal telegram - panterarosa1772@gmail.com &ndash; Threema: CJBZ5SZX\"},\"image\":{\"@id\":\"https:\\\/\\\/achetermdma.com\\\/#\\\/schema\\\/logo\\\/image\\\/\"}}]}<\/script>\n<!-- \/ Yoast SEO plugin. -->","yoast_head_json":{"title":"metatags2 - Dealers des quais de Paris - Acheter MDMA Paris, Acheter MDMA Lyon, Acheter MDMA France - Online MDMA Shop France - +34617763108 - whatsapp signal telegram - panterarosa1772@gmail.com &ndash; Threema: CJBZ5SZX","description":"Le meillour shop acheter MDMA a France, Paris MDMA, Marseille MDMA, Toulouse MDMA, MDMa champagne a la france, Francais mdma","robots":{"index":"index","follow":"follow","max-snippet":"max-snippet:-1","max-image-preview":"max-image-preview:large","max-video-preview":"max-video-preview:-1"},"canonical":"https:\/\/achetermdma.com\/index.php\/mdma-champagne-paris-lyon-marseille\/","og_locale":"fr_FR","og_type":"article","og_title":"metatags2 - Dealers des quais de Paris - Acheter MDMA Paris, Acheter MDMA Lyon, Acheter MDMA France - Online MDMA Shop France - +34617763108 - whatsapp signal telegram - panterarosa1772@gmail.com &ndash; Threema: CJBZ5SZX","og_description":"Le meillour shop acheter MDMA a France, Paris MDMA, Marseille MDMA, Toulouse MDMA, MDMa champagne a la france, Francais mdma","og_url":"https:\/\/achetermdma.com\/index.php\/mdma-champagne-paris-lyon-marseille\/","og_site_name":"Dealers des quais de Paris - Acheter MDMA Paris, Acheter MDMA Lyon, Acheter MDMA France - Online MDMA Shop France - +34617763108 - whatsapp signal telegram - panterarosa1772@gmail.com &ndash; Threema: CJBZ5SZX","twitter_card":"summary_large_image","schema":{"@context":"https:\/\/schema.org","@graph":[{"@type":"WebPage","@id":"https:\/\/achetermdma.com\/index.php\/mdma-champagne-paris-lyon-marseille\/","url":"https:\/\/achetermdma.com\/index.php\/mdma-champagne-paris-lyon-marseille\/","name":"metatags2 - Dealers des quais de Paris - Acheter MDMA Paris, Acheter MDMA Lyon, Acheter MDMA France - Online MDMA Shop France - +34617763108 - whatsapp signal telegram - panterarosa1772@gmail.com &ndash; Threema: CJBZ5SZX","isPartOf":{"@id":"https:\/\/achetermdma.com\/#website"},"datePublished":"2023-09-05T19:26:28+00:00","description":"Le meillour shop acheter MDMA a France, Paris MDMA, Marseille MDMA, Toulouse MDMA, MDMa champagne a la france, Francais mdma","breadcrumb":{"@id":"https:\/\/achetermdma.com\/index.php\/mdma-champagne-paris-lyon-marseille\/#breadcrumb"},"inLanguage":"fr-FR","potentialAction":[{"@type":"ReadAction","target":["https:\/\/achetermdma.com\/index.php\/mdma-champagne-paris-lyon-marseille\/"]}]},{"@type":"BreadcrumbList","@id":"https:\/\/achetermdma.com\/index.php\/mdma-champagne-paris-lyon-marseille\/#breadcrumb","itemListElement":[{"@type":"ListItem","position":1,"name":"Accueil","item":"https:\/\/achetermdma.com\/"},{"@type":"ListItem","position":2,"name":"metatags2"}]},{"@type":"WebSite","@id":"https:\/\/achetermdma.com\/#website","url":"https:\/\/achetermdma.com\/","name":"Dealers des quais de Paris - Acheter MDMA Paris, Acheter MDMA Lyon, Acheter MDMA France - Online MDMA Shop France - +34617763108 - whatsapp signal telegram - panterarosa1772@gmail.com &ndash; Threema: CJBZ5SZX","description":"acheter MDMA Paris, MDMA Paris haute qualit\u00e9, livraison MDMA Paris, acheter MDMA Lyon, MDMA Lyon fiable, livraison MDMA Lyon, acheter MDMA Marseille, MDMA Marseille s\u00e9curis\u00e9, livraison MDMA Marseille, acheter MDMA Toulouse, MDMA Toulouse pur, livraison MDMA Toulouse, acheter MDMA Bordeaux, MDMA Bordeaux qualit\u00e9, livraison MDMA Bordeaux, acheter MDMA Nice, MDMA Nice rapide, livraison MDMA Nice, acheter MDMA Lille, MDMA Lille v\u00e9rifi\u00e9, livraison MDMA Lille, acheter MDMA Strasbourg, MDMA Strasbourg s\u00e9curit\u00e9, livraison MDMA Strasbourg, acheter MDMA Nantes, MDMA Nantes haut de gamme, livraison MDMA Nantes, acheter MDMA Rennes, MDMA Rennes fiable, livraison MDMA Rennes, acheter MDMA Montpellier, MDMA Montpellier s\u00e9curis\u00e9, livraison MDMA Montpellier, MDMA Au France, Acheter MDMA","publisher":{"@id":"https:\/\/achetermdma.com\/#organization"},"potentialAction":[{"@type":"SearchAction","target":{"@type":"EntryPoint","urlTemplate":"https:\/\/achetermdma.com\/?s={search_term_string}"},"query-input":{"@type":"PropertyValueSpecification","valueRequired":true,"valueName":"search_term_string"}}],"inLanguage":"fr-FR"},{"@type":"Organization","@id":"https:\/\/achetermdma.com\/#organization","name":"Dealers des quais de Paris - Acheter MDMA Paris, Acheter MDMA Lyon, Acheter MDMA France - Online MDMA Shop France - +34617763108 - whatsapp signal telegram - panterarosa1772@gmail.com &ndash; Threema: CJBZ5SZX","url":"https:\/\/achetermdma.com\/","logo":{"@type":"ImageObject","inLanguage":"fr-FR","@id":"https:\/\/achetermdma.com\/#\/schema\/logo\/image\/","url":"https:\/\/achetermdma.com\/wp-content\/uploads\/2023\/09\/cropped-mdmamonterrey.jpg","contentUrl":"https:\/\/achetermdma.com\/wp-content\/uploads\/2023\/09\/cropped-mdmamonterrey.jpg","width":1200,"height":500,"caption":"Dealers des quais de Paris - Acheter MDMA Paris, Acheter MDMA Lyon, Acheter MDMA France - Online MDMA Shop France - +34617763108 - whatsapp signal telegram - panterarosa1772@gmail.com &ndash; Threema: CJBZ5SZX"},"image":{"@id":"https:\/\/achetermdma.com\/#\/schema\/logo\/image\/"}}]}},"_links":{"self":[{"href":"https:\/\/achetermdma.com\/index.php\/wp-json\/wp\/v2\/pages\/21","targetHints":{"allow":["GET"]}}],"collection":[{"href":"https:\/\/achetermdma.com\/index.php\/wp-json\/wp\/v2\/pages"}],"about":[{"href":"https:\/\/achetermdma.com\/index.php\/wp-json\/wp\/v2\/types\/page"}],"author":[{"embeddable":true,"href":"https:\/\/achetermdma.com\/index.php\/wp-json\/wp\/v2\/users\/1"}],"replies":[{"embeddable":true,"href":"https:\/\/achetermdma.com\/index.php\/wp-json\/wp\/v2\/comments?post=21"}],"version-history":[{"count":0,"href":"https:\/\/achetermdma.com\/index.php\/wp-json\/wp\/v2\/pages\/21\/revisions"}],"wp:attachment":[{"href":"https:\/\/achetermdma.com\/index.php\/wp-json\/wp\/v2\/media?parent=21"}],"curies":[{"name":"wp","href":"https:\/\/api.w.org\/{rel}","templated":true}]}}