{"id":104,"date":"2024-08-20T17:39:57","date_gmt":"2024-08-20T17:39:57","guid":{"rendered":"https:\/\/achetermdma.com\/?page_id=104"},"modified":"2025-11-19T19:22:40","modified_gmt":"2025-11-19T19:22:40","slug":"menu","status":"publish","type":"page","link":"https:\/\/achetermdma.com\/","title":{"rendered":"Menu &#8211; +34617763108 &#8211; whatsapp- panterarosa1772@gmail.com \u2013 Threema: CJBZ5SZX"},"content":{"rendered":"<h1 class=\"site-title text-center\"><\/h1>\n<header class=\"entry-header\">\n<h1><em>Signal @telecomadrid.20<\/em><\/h1>\n<h1><strong>+34617763108 \u2013 whatsapp signal\u00a0 telegram \u2013 panterarosa1772@gmail.com \u2013 19.11.2025 \u2013 new<\/strong><\/h1>\n<\/header>\n<ol>\n<li>\n<div class=\"entry-content\"><\/div>\n<h1 class=\"site-title text-center\"><strong>\u2013 Nestor \u2013 espagnol et anglais SVP<\/strong><\/h1>\n<\/li>\n<li>\n<h1>Threema: <strong>\u00a0CJBZ5SZX \u2013 Signal\u00a0<\/strong><\/h1>\n<\/li>\n<\/ol>\n<p>&#8212;&#8212;&#8212;&#8212;&#8212;&#8212;&#8212;&#8212;<\/p>\n<p><strong>Bienvenue chez <a href=\"http:\/\/www.achetermdma.com\" target=\"_new\" rel=\"noopener\">www.achetermdma.com<\/a> \u2013 Votre Source Fiable pour la MDMA de Haute Qualit\u00e9 !<\/strong><\/p>\n<p>Vous recherchez de la <strong>MDMA pure<\/strong> et de <strong>maximale qualit\u00e9 hollandaise<\/strong> ? Vous \u00eates au bon endroit ! Chez <strong><a href=\"http:\/\/www.achetermdma.com\" target=\"_new\" rel=\"noopener\">www.achetermdma.com<\/a><\/strong>, nous nous engageons \u00e0 vous fournir des produits de premi\u00e8re qualit\u00e9, avec des services de livraison <strong>s\u00e9curis\u00e9s<\/strong> depuis l&rsquo;Espagne et l&rsquo;Allemagne. Nous assurons une <strong>exp\u00e9rience d&rsquo;achat rapide, fiable et sans tracas<\/strong>.<\/p>\n<h3><strong>Pourquoi Choisir <a href=\"http:\/\/www.achetermdma.com\" target=\"_new\" rel=\"noopener\">www.achetermdma.com<\/a> ?<\/strong><\/h3>\n<ul>\n<li><strong>Envois S\u00e9curis\u00e9s :<\/strong> Nous exp\u00e9dions directement depuis l&rsquo;Espagne et l&rsquo;Allemagne, garantissant des livraisons s\u00e9curis\u00e9es et discr\u00e8tes partout en France.<\/li>\n<li><strong>Qualit\u00e9 Sup\u00e9rieure :<\/strong> Nos produits sont de la meilleure qualit\u00e9 hollandaise, soigneusement s\u00e9lectionn\u00e9s pour garantir votre satisfaction.<\/li>\n<li><strong>Paiements en Cryptomonnaies :<\/strong> Pour votre commodit\u00e9, nous acceptons les paiements en cryptomonnaies, offrant une option de paiement moderne et s\u00e9curis\u00e9e.<\/li>\n<li><strong>Rapidit\u00e9 et Fiabilit\u00e9 :<\/strong> Nous nous engageons \u00e0 traiter et exp\u00e9dier vos commandes rapidement, sans compromettre la s\u00e9curit\u00e9.<\/li>\n<li><strong>Sans Escroquerie :<\/strong> Nous sommes connus pour notre int\u00e9grit\u00e9. Achetez en toute confiance avec la garantie que vous recevrez exactement ce pour quoi vous avez pay\u00e9.<\/li>\n<\/ul>\n<p>Nous sommes toujours heureux de vous aider et de r\u00e9pondre \u00e0 toutes vos pr\u00e9occupations. <strong>Chez <a href=\"http:\/\/www.achetermdma.com\" target=\"_new\" rel=\"noopener\">www.achetermdma.com<\/a><\/strong>, votre satisfaction est notre priorit\u00e9 absolue.<\/p>\n<p><strong>D\u00e9couvrez la qualit\u00e9 exceptionnelle de notre MDMA et faites l&rsquo;exp\u00e9rience d&rsquo;un service client sans \u00e9gal. Merci de choisir <a href=\"http:\/\/www.achetermdma.com\" target=\"_new\" rel=\"noopener\">www.achetermdma.com<\/a> !<\/strong><\/p>\n<hr \/>\n<p><strong>Meta Tags :<\/strong> acheter MDMA France, MDMA haute qualit\u00e9, MDMA pure, livraison s\u00e9curis\u00e9e MDMA, acheter MDMA Espagne, acheter MDMA Allemagne, paiement cryptomonnaies MDMA, MDMA rapide, MDMA fiable, MDMA sans escroquerie, contact MDMA WhatsApp, contact MDMA Telegram, contact MDMA email, MDMA discr\u00e8te France, MDMA en ligne France, MDMA qualit\u00e9 hollandaise.<\/p>\n<p>&nbsp;<\/p>\n<p>&nbsp;<\/p>\n<hr \/>\n<p><img loading=\"lazy\" decoding=\"async\" class=\"alignnone size-medium wp-image-39\" src=\"https:\/\/xtcmadrid.com\/wp-content\/uploads\/2023\/04\/caa12c51-8dc6-4b27-8482-99556dd59472_16-9-aspect-ratio_default_0-300x169.jpg\" sizes=\"auto, (max-width: 300px) 100vw, 300px\" srcset=\"https:\/\/xtcmadrid.com\/wp-content\/uploads\/2023\/04\/caa12c51-8dc6-4b27-8482-99556dd59472_16-9-aspect-ratio_default_0-300x169.jpg 300w, https:\/\/xtcmadrid.com\/wp-content\/uploads\/2023\/04\/caa12c51-8dc6-4b27-8482-99556dd59472_16-9-aspect-ratio_default_0-768x432.jpg 768w, https:\/\/xtcmadrid.com\/wp-content\/uploads\/2023\/04\/caa12c51-8dc6-4b27-8482-99556dd59472_16-9-aspect-ratio_default_0.jpg 880w\" alt=\"\" width=\"300\" height=\"169\" \/><img loading=\"lazy\" decoding=\"async\" class=\"alignnone size-full wp-image-20\" src=\"https:\/\/xtcmadrid.com\/wp-content\/uploads\/2023\/04\/mdma3.jpg\" alt=\"\" width=\"259\" height=\"194\" \/><img loading=\"lazy\" decoding=\"async\" class=\"alignnone size-medium wp-image-15\" src=\"https:\/\/xtcmadrid.com\/wp-content\/uploads\/2023\/04\/62b28e7e96b40452a534f1d2_mdma-300x300.jpg\" sizes=\"auto, (max-width: 300px) 100vw, 300px\" srcset=\"https:\/\/xtcmadrid.com\/wp-content\/uploads\/2023\/04\/62b28e7e96b40452a534f1d2_mdma-300x300.jpg 300w, https:\/\/xtcmadrid.com\/wp-content\/uploads\/2023\/04\/62b28e7e96b40452a534f1d2_mdma-150x150.jpg 150w, https:\/\/xtcmadrid.com\/wp-content\/uploads\/2023\/04\/62b28e7e96b40452a534f1d2_mdma.jpg 700w\" alt=\"\" width=\"300\" height=\"300\" \/><img loading=\"lazy\" decoding=\"async\" class=\"alignnone size-full wp-image-17\" src=\"https:\/\/xtcmadrid.com\/wp-content\/uploads\/2023\/04\/300_class_20210220155402_0.jpg\" alt=\"\" width=\"300\" height=\"275\" \/><img loading=\"lazy\" decoding=\"async\" class=\"alignnone size-medium wp-image-19\" src=\"https:\/\/xtcmadrid.com\/wp-content\/uploads\/2023\/04\/eme-261x300.jpg\" sizes=\"auto, (max-width: 261px) 100vw, 261px\" srcset=\"https:\/\/xtcmadrid.com\/wp-content\/uploads\/2023\/04\/eme-261x300.jpg 261w, https:\/\/xtcmadrid.com\/wp-content\/uploads\/2023\/04\/eme-890x1024.jpg 890w, https:\/\/xtcmadrid.com\/wp-content\/uploads\/2023\/04\/eme-768x883.jpg 768w, https:\/\/xtcmadrid.com\/wp-content\/uploads\/2023\/04\/eme.jpg 1200w\" alt=\"\" width=\"261\" height=\"300\" \/><\/p>\n<p>MDMA 40 EUROS LE GRAMME<\/p>\n<p>10 GRAMMES 350 EUROS<\/p>\n<p>20 GRAMMES 600 EUROS<\/p>\n<p>50 GRAMMES 15 EUR &#8211; GR<\/p>\n<p>100 GRAMMES &#8211; 12 EUR &#8211; GR<\/p>\n<p>500 GRAMMES &#8211; 10 EUR &#8211; GR<\/p>\n<p>1000 GRAMMES &#8211; 8 EUR &#8211; GR<\/p>\n<p>\u2014\u2014\u2014\u2014\u2014\u2014\u2014\u2014\u2014\u2014<\/p>\n<p>XTC 7 EUROS UNITE, DIFF\u00c9RENTES MARQUES, 250MG.<\/p>\n<p>100 UNIT\u00c9S \u2013 350<\/p>\n<p>200 UNIT\u00c9S \u2013 3<\/p>\n<p>500 UNIT\u00c9S \u2013 2,7<\/p>\n<p>100 UNIT\u00c9S \u2013 2,5<\/p>\n<p>\u2014\u2014\u2014\u2014\u2014\u2014\u2014\u2014\u2014\u2014<\/p>\n<p>SPEED TOP %<\/p>\n<p>100 GRAMMES \u2013 350<\/p>\n<p>200 GRAMMES \u2013 600<\/p>\n<p>500 GRAMMES \u2013 1500<\/p>\n<p>1000 GRAMMES \u2013 2500<\/p>\n<p>SPEED COMMERCIAL : 2,50 \u20ac \u2013 GRAMME \u00c0 PARTIR DE 100 GRAMMES. 1500 EUROS \u2013 KILO.<\/p>\n<p>\u2014\u2014\u2014\u2014\u2014\u2014\u2014\u2014\u2014\u2014<\/p>\n<p>K\u00c9TAMINE 40 EUROS LE GRAMME<\/p>\n<p>10 GRAMMES 35<\/p>\n<p>20 GRAMMES 30<\/p>\n<p>50 GRAMMES 25<\/p>\n<p>100 GRAMMES 20<\/p>\n<p>\u2014\u2014\u2014\u2014\u2014\u2014\u2014\u2014\u2014\u2014<\/p>\n<p>MEFEDRONE 40 EUROS LE GRAMME<\/p>\n<p>10 GRAMMES 35<\/p>\n<p>20 GRAMMES 30<\/p>\n<p>50 GRAMMES 25<\/p>\n<p>100 GRAMMES 20<\/p>\n<p>\u2014\u2014\u2014\u2014\u2014\u2014\u2014\u2014\u2014\u2014<\/p>\n<div class='smartthreema_box'><img src='https:\/\/achetermdma.com\/wp-content\/plugins\/smart-threema\/images\/floating-button-threema-klein.png' class='smartthreema_img'><a href='https:\/\/three.ma\/CJBZ5SZX' target='_blank' class='smartthreema_link'>Please Download Threema App<\/a><br><div class='smartthreema_minimsg'>to your Mobile Device and click again<\/div><\/div>","protected":false},"excerpt":{"rendered":"<p>Signal @telecomadrid.20 +34617763108 \u2013 whatsapp signal\u00a0 telegram \u2013 panterarosa1772@gmail.com \u2013 19.11.2025 \u2013 new \u2013 Nestor \u2013 espagnol et anglais SVP Threema: \u00a0CJBZ5SZX \u2013 Signal\u00a0 &#8212;&#8212;&#8212;&#8212;&#8212;&#8212;&#8212;&#8212; Bienvenue chez www.achetermdma.com \u2013 Votre Source Fiable pour la MDMA de Haute Qualit\u00e9 ! Vous <a class=\"more-link\" href=\"https:\/\/achetermdma.com\/\">Continuer la lecture <span class=\"screen-reader-text\">  Menu &#8211; +34617763108 &#8211; whatsapp- panterarosa1772@gmail.com \u2013 Threema: CJBZ5SZX<\/span><span class=\"meta-nav\">&rarr;<\/span><\/a><\/p>\n","protected":false},"author":1,"featured_media":0,"parent":0,"menu_order":0,"comment_status":"closed","ping_status":"closed","template":"","meta":{"footnotes":""},"class_list":["post-104","page","type-page","status-publish","hentry"],"yoast_head":"<!-- This site is optimized with the Yoast SEO plugin v27.5 - https:\/\/yoast.com\/product\/yoast-seo-wordpress\/ -->\n<title>Menu - +34617763108 - whatsapp- panterarosa1772@gmail.com \u2013 Threema: CJBZ5SZX - Dealers des quais de Paris - Acheter MDMA Paris, Acheter MDMA Lyon, Acheter MDMA France - Online MDMA Shop France - +34617763108 - whatsapp signal telegram - panterarosa1772@gmail.com &ndash; Threema: CJBZ5SZX<\/title>\n<meta name=\"description\" content=\"Bienvenue chez www.achetermdma.com \u2013 Votre Source Fiable pour la MDMA de Haute Qualit\u00e9 !\" \/>\n<meta name=\"robots\" content=\"index, follow, max-snippet:-1, max-image-preview:large, max-video-preview:-1\" \/>\n<link rel=\"canonical\" href=\"https:\/\/achetermdma.com\/\" \/>\n<meta property=\"og:locale\" content=\"fr_FR\" \/>\n<meta property=\"og:type\" content=\"article\" \/>\n<meta property=\"og:title\" content=\"Menu - +34617763108 - whatsapp- panterarosa1772@gmail.com \u2013 Threema: CJBZ5SZX - Dealers des quais de Paris - Acheter MDMA Paris, Acheter MDMA Lyon, Acheter MDMA France - Online MDMA Shop France - +34617763108 - whatsapp signal telegram - panterarosa1772@gmail.com &ndash; Threema: CJBZ5SZX\" \/>\n<meta property=\"og:description\" content=\"Bienvenue chez www.achetermdma.com \u2013 Votre Source Fiable pour la MDMA de Haute Qualit\u00e9 !\" \/>\n<meta property=\"og:url\" content=\"https:\/\/achetermdma.com\/\" \/>\n<meta property=\"og:site_name\" content=\"Dealers des quais de Paris - Acheter MDMA Paris, Acheter MDMA Lyon, Acheter MDMA France - Online MDMA Shop France - +34617763108 - whatsapp signal telegram - panterarosa1772@gmail.com &ndash; Threema: CJBZ5SZX\" \/>\n<meta property=\"article:modified_time\" content=\"2025-11-19T19:22:40+00:00\" \/>\n<meta property=\"og:image\" content=\"https:\/\/achetermdma.com\/wp-content\/uploads\/2023\/09\/TAWOOQ1-290x152-1.png\" \/>\n\t<meta property=\"og:image:width\" content=\"290\" \/>\n\t<meta property=\"og:image:height\" content=\"152\" \/>\n\t<meta property=\"og:image:type\" content=\"image\/png\" \/>\n<meta name=\"twitter:card\" content=\"summary_large_image\" \/>\n<meta name=\"twitter:label1\" content=\"Dur\u00e9e de lecture estim\u00e9e\" \/>\n\t<meta name=\"twitter:data1\" content=\"3 minutes\" \/>\n<script type=\"application\/ld+json\" class=\"yoast-schema-graph\">{\"@context\":\"https:\\\/\\\/schema.org\",\"@graph\":[{\"@type\":\"WebPage\",\"@id\":\"https:\\\/\\\/achetermdma.com\\\/\",\"url\":\"https:\\\/\\\/achetermdma.com\\\/\",\"name\":\"Menu - +34617763108 - whatsapp- panterarosa1772@gmail.com \u2013 Threema: CJBZ5SZX - Dealers des quais de Paris - Acheter MDMA Paris, Acheter MDMA Lyon, Acheter MDMA France - Online MDMA Shop France - +34617763108 - whatsapp signal telegram - panterarosa1772@gmail.com &ndash; Threema: CJBZ5SZX\",\"isPartOf\":{\"@id\":\"https:\\\/\\\/achetermdma.com\\\/#website\"},\"primaryImageOfPage\":{\"@id\":\"https:\\\/\\\/achetermdma.com\\\/#primaryimage\"},\"image\":{\"@id\":\"https:\\\/\\\/achetermdma.com\\\/#primaryimage\"},\"thumbnailUrl\":\"https:\\\/\\\/xtcmadrid.com\\\/wp-content\\\/uploads\\\/2023\\\/04\\\/caa12c51-8dc6-4b27-8482-99556dd59472_16-9-aspect-ratio_default_0-300x169.jpg\",\"datePublished\":\"2024-08-20T17:39:57+00:00\",\"dateModified\":\"2025-11-19T19:22:40+00:00\",\"description\":\"Bienvenue chez www.achetermdma.com \u2013 Votre Source Fiable pour la MDMA de Haute Qualit\u00e9 !\",\"breadcrumb\":{\"@id\":\"https:\\\/\\\/achetermdma.com\\\/#breadcrumb\"},\"inLanguage\":\"fr-FR\",\"potentialAction\":[{\"@type\":\"ReadAction\",\"target\":[\"https:\\\/\\\/achetermdma.com\\\/\"]}]},{\"@type\":\"ImageObject\",\"inLanguage\":\"fr-FR\",\"@id\":\"https:\\\/\\\/achetermdma.com\\\/#primaryimage\",\"url\":\"https:\\\/\\\/xtcmadrid.com\\\/wp-content\\\/uploads\\\/2023\\\/04\\\/caa12c51-8dc6-4b27-8482-99556dd59472_16-9-aspect-ratio_default_0-300x169.jpg\",\"contentUrl\":\"https:\\\/\\\/xtcmadrid.com\\\/wp-content\\\/uploads\\\/2023\\\/04\\\/caa12c51-8dc6-4b27-8482-99556dd59472_16-9-aspect-ratio_default_0-300x169.jpg\"},{\"@type\":\"BreadcrumbList\",\"@id\":\"https:\\\/\\\/achetermdma.com\\\/#breadcrumb\",\"itemListElement\":[{\"@type\":\"ListItem\",\"position\":1,\"name\":\"Accueil\",\"item\":\"https:\\\/\\\/achetermdma.com\\\/\"},{\"@type\":\"ListItem\",\"position\":2,\"name\":\"Menu &#8211; +34617763108 &#8211; whatsapp- panterarosa1772@gmail.com \u2013 Threema: CJBZ5SZX\"}]},{\"@type\":\"WebSite\",\"@id\":\"https:\\\/\\\/achetermdma.com\\\/#website\",\"url\":\"https:\\\/\\\/achetermdma.com\\\/\",\"name\":\"Dealers des quais de Paris - Acheter MDMA Paris, Acheter MDMA Lyon, Acheter MDMA France - Online MDMA Shop France - +34617763108 - whatsapp signal telegram - panterarosa1772@gmail.com &ndash; Threema: CJBZ5SZX\",\"description\":\"acheter MDMA Paris, MDMA Paris haute qualit\u00e9, livraison MDMA Paris, acheter MDMA Lyon, MDMA Lyon fiable, livraison MDMA Lyon, acheter MDMA Marseille, MDMA Marseille s\u00e9curis\u00e9, livraison MDMA Marseille, acheter MDMA Toulouse, MDMA Toulouse pur, livraison MDMA Toulouse, acheter MDMA Bordeaux, MDMA Bordeaux qualit\u00e9, livraison MDMA Bordeaux, acheter MDMA Nice, MDMA Nice rapide, livraison MDMA Nice, acheter MDMA Lille, MDMA Lille v\u00e9rifi\u00e9, livraison MDMA Lille, acheter MDMA Strasbourg, MDMA Strasbourg s\u00e9curit\u00e9, livraison MDMA Strasbourg, acheter MDMA Nantes, MDMA Nantes haut de gamme, livraison MDMA Nantes, acheter MDMA Rennes, MDMA Rennes fiable, livraison MDMA Rennes, acheter MDMA Montpellier, MDMA Montpellier s\u00e9curis\u00e9, livraison MDMA Montpellier, MDMA Au France, Acheter MDMA\",\"publisher\":{\"@id\":\"https:\\\/\\\/achetermdma.com\\\/#organization\"},\"potentialAction\":[{\"@type\":\"SearchAction\",\"target\":{\"@type\":\"EntryPoint\",\"urlTemplate\":\"https:\\\/\\\/achetermdma.com\\\/?s={search_term_string}\"},\"query-input\":{\"@type\":\"PropertyValueSpecification\",\"valueRequired\":true,\"valueName\":\"search_term_string\"}}],\"inLanguage\":\"fr-FR\"},{\"@type\":\"Organization\",\"@id\":\"https:\\\/\\\/achetermdma.com\\\/#organization\",\"name\":\"Dealers des quais de Paris - Acheter MDMA Paris, Acheter MDMA Lyon, Acheter MDMA France - Online MDMA Shop France - +34617763108 - whatsapp signal telegram - panterarosa1772@gmail.com &ndash; Threema: CJBZ5SZX\",\"url\":\"https:\\\/\\\/achetermdma.com\\\/\",\"logo\":{\"@type\":\"ImageObject\",\"inLanguage\":\"fr-FR\",\"@id\":\"https:\\\/\\\/achetermdma.com\\\/#\\\/schema\\\/logo\\\/image\\\/\",\"url\":\"https:\\\/\\\/achetermdma.com\\\/wp-content\\\/uploads\\\/2023\\\/09\\\/cropped-mdmamonterrey.jpg\",\"contentUrl\":\"https:\\\/\\\/achetermdma.com\\\/wp-content\\\/uploads\\\/2023\\\/09\\\/cropped-mdmamonterrey.jpg\",\"width\":1200,\"height\":500,\"caption\":\"Dealers des quais de Paris - Acheter MDMA Paris, Acheter MDMA Lyon, Acheter MDMA France - Online MDMA Shop France - +34617763108 - whatsapp signal telegram - panterarosa1772@gmail.com &ndash; Threema: CJBZ5SZX\"},\"image\":{\"@id\":\"https:\\\/\\\/achetermdma.com\\\/#\\\/schema\\\/logo\\\/image\\\/\"}}]}<\/script>\n<!-- \/ Yoast SEO plugin. -->","yoast_head_json":{"title":"Menu - +34617763108 - whatsapp- panterarosa1772@gmail.com \u2013 Threema: CJBZ5SZX - Dealers des quais de Paris - Acheter MDMA Paris, Acheter MDMA Lyon, Acheter MDMA France - Online MDMA Shop France - +34617763108 - whatsapp signal telegram - panterarosa1772@gmail.com &ndash; Threema: CJBZ5SZX","description":"Bienvenue chez www.achetermdma.com \u2013 Votre Source Fiable pour la MDMA de Haute Qualit\u00e9 !","robots":{"index":"index","follow":"follow","max-snippet":"max-snippet:-1","max-image-preview":"max-image-preview:large","max-video-preview":"max-video-preview:-1"},"canonical":"https:\/\/achetermdma.com\/","og_locale":"fr_FR","og_type":"article","og_title":"Menu - +34617763108 - whatsapp- panterarosa1772@gmail.com \u2013 Threema: CJBZ5SZX - Dealers des quais de Paris - Acheter MDMA Paris, Acheter MDMA Lyon, Acheter MDMA France - Online MDMA Shop France - +34617763108 - whatsapp signal telegram - panterarosa1772@gmail.com &ndash; Threema: CJBZ5SZX","og_description":"Bienvenue chez www.achetermdma.com \u2013 Votre Source Fiable pour la MDMA de Haute Qualit\u00e9 !","og_url":"https:\/\/achetermdma.com\/","og_site_name":"Dealers des quais de Paris - Acheter MDMA Paris, Acheter MDMA Lyon, Acheter MDMA France - Online MDMA Shop France - +34617763108 - whatsapp signal telegram - panterarosa1772@gmail.com &ndash; Threema: CJBZ5SZX","article_modified_time":"2025-11-19T19:22:40+00:00","og_image":[{"width":290,"height":152,"url":"https:\/\/achetermdma.com\/wp-content\/uploads\/2023\/09\/TAWOOQ1-290x152-1.png","type":"image\/png"}],"twitter_card":"summary_large_image","twitter_misc":{"Dur\u00e9e de lecture estim\u00e9e":"3 minutes"},"schema":{"@context":"https:\/\/schema.org","@graph":[{"@type":"WebPage","@id":"https:\/\/achetermdma.com\/","url":"https:\/\/achetermdma.com\/","name":"Menu - +34617763108 - whatsapp- panterarosa1772@gmail.com \u2013 Threema: CJBZ5SZX - Dealers des quais de Paris - Acheter MDMA Paris, Acheter MDMA Lyon, Acheter MDMA France - Online MDMA Shop France - +34617763108 - whatsapp signal telegram - panterarosa1772@gmail.com &ndash; Threema: CJBZ5SZX","isPartOf":{"@id":"https:\/\/achetermdma.com\/#website"},"primaryImageOfPage":{"@id":"https:\/\/achetermdma.com\/#primaryimage"},"image":{"@id":"https:\/\/achetermdma.com\/#primaryimage"},"thumbnailUrl":"https:\/\/xtcmadrid.com\/wp-content\/uploads\/2023\/04\/caa12c51-8dc6-4b27-8482-99556dd59472_16-9-aspect-ratio_default_0-300x169.jpg","datePublished":"2024-08-20T17:39:57+00:00","dateModified":"2025-11-19T19:22:40+00:00","description":"Bienvenue chez www.achetermdma.com \u2013 Votre Source Fiable pour la MDMA de Haute Qualit\u00e9 !","breadcrumb":{"@id":"https:\/\/achetermdma.com\/#breadcrumb"},"inLanguage":"fr-FR","potentialAction":[{"@type":"ReadAction","target":["https:\/\/achetermdma.com\/"]}]},{"@type":"ImageObject","inLanguage":"fr-FR","@id":"https:\/\/achetermdma.com\/#primaryimage","url":"https:\/\/xtcmadrid.com\/wp-content\/uploads\/2023\/04\/caa12c51-8dc6-4b27-8482-99556dd59472_16-9-aspect-ratio_default_0-300x169.jpg","contentUrl":"https:\/\/xtcmadrid.com\/wp-content\/uploads\/2023\/04\/caa12c51-8dc6-4b27-8482-99556dd59472_16-9-aspect-ratio_default_0-300x169.jpg"},{"@type":"BreadcrumbList","@id":"https:\/\/achetermdma.com\/#breadcrumb","itemListElement":[{"@type":"ListItem","position":1,"name":"Accueil","item":"https:\/\/achetermdma.com\/"},{"@type":"ListItem","position":2,"name":"Menu &#8211; +34617763108 &#8211; whatsapp- panterarosa1772@gmail.com \u2013 Threema: CJBZ5SZX"}]},{"@type":"WebSite","@id":"https:\/\/achetermdma.com\/#website","url":"https:\/\/achetermdma.com\/","name":"Dealers des quais de Paris - Acheter MDMA Paris, Acheter MDMA Lyon, Acheter MDMA France - Online MDMA Shop France - +34617763108 - whatsapp signal telegram - panterarosa1772@gmail.com &ndash; Threema: CJBZ5SZX","description":"acheter MDMA Paris, MDMA Paris haute qualit\u00e9, livraison MDMA Paris, acheter MDMA Lyon, MDMA Lyon fiable, livraison MDMA Lyon, acheter MDMA Marseille, MDMA Marseille s\u00e9curis\u00e9, livraison MDMA Marseille, acheter MDMA Toulouse, MDMA Toulouse pur, livraison MDMA Toulouse, acheter MDMA Bordeaux, MDMA Bordeaux qualit\u00e9, livraison MDMA Bordeaux, acheter MDMA Nice, MDMA Nice rapide, livraison MDMA Nice, acheter MDMA Lille, MDMA Lille v\u00e9rifi\u00e9, livraison MDMA Lille, acheter MDMA Strasbourg, MDMA Strasbourg s\u00e9curit\u00e9, livraison MDMA Strasbourg, acheter MDMA Nantes, MDMA Nantes haut de gamme, livraison MDMA Nantes, acheter MDMA Rennes, MDMA Rennes fiable, livraison MDMA Rennes, acheter MDMA Montpellier, MDMA Montpellier s\u00e9curis\u00e9, livraison MDMA Montpellier, MDMA Au France, Acheter MDMA","publisher":{"@id":"https:\/\/achetermdma.com\/#organization"},"potentialAction":[{"@type":"SearchAction","target":{"@type":"EntryPoint","urlTemplate":"https:\/\/achetermdma.com\/?s={search_term_string}"},"query-input":{"@type":"PropertyValueSpecification","valueRequired":true,"valueName":"search_term_string"}}],"inLanguage":"fr-FR"},{"@type":"Organization","@id":"https:\/\/achetermdma.com\/#organization","name":"Dealers des quais de Paris - Acheter MDMA Paris, Acheter MDMA Lyon, Acheter MDMA France - Online MDMA Shop France - +34617763108 - whatsapp signal telegram - panterarosa1772@gmail.com &ndash; Threema: CJBZ5SZX","url":"https:\/\/achetermdma.com\/","logo":{"@type":"ImageObject","inLanguage":"fr-FR","@id":"https:\/\/achetermdma.com\/#\/schema\/logo\/image\/","url":"https:\/\/achetermdma.com\/wp-content\/uploads\/2023\/09\/cropped-mdmamonterrey.jpg","contentUrl":"https:\/\/achetermdma.com\/wp-content\/uploads\/2023\/09\/cropped-mdmamonterrey.jpg","width":1200,"height":500,"caption":"Dealers des quais de Paris - Acheter MDMA Paris, Acheter MDMA Lyon, Acheter MDMA France - Online MDMA Shop France - +34617763108 - whatsapp signal telegram - panterarosa1772@gmail.com &ndash; Threema: CJBZ5SZX"},"image":{"@id":"https:\/\/achetermdma.com\/#\/schema\/logo\/image\/"}}]}},"_links":{"self":[{"href":"https:\/\/achetermdma.com\/index.php\/wp-json\/wp\/v2\/pages\/104","targetHints":{"allow":["GET"]}}],"collection":[{"href":"https:\/\/achetermdma.com\/index.php\/wp-json\/wp\/v2\/pages"}],"about":[{"href":"https:\/\/achetermdma.com\/index.php\/wp-json\/wp\/v2\/types\/page"}],"author":[{"embeddable":true,"href":"https:\/\/achetermdma.com\/index.php\/wp-json\/wp\/v2\/users\/1"}],"replies":[{"embeddable":true,"href":"https:\/\/achetermdma.com\/index.php\/wp-json\/wp\/v2\/comments?post=104"}],"version-history":[{"count":0,"href":"https:\/\/achetermdma.com\/index.php\/wp-json\/wp\/v2\/pages\/104\/revisions"}],"wp:attachment":[{"href":"https:\/\/achetermdma.com\/index.php\/wp-json\/wp\/v2\/media?parent=104"}],"curies":[{"name":"wp","href":"https:\/\/api.w.org\/{rel}","templated":true}]}}